{"id":16023,"date":"2015-11-18T15:34:51","date_gmt":"2015-11-18T14:34:51","guid":{"rendered":"http:\/\/quesocamerano.com\/de\/?page_id=16023"},"modified":"2015-11-19T20:18:23","modified_gmt":"2015-11-19T19:18:23","slug":"startseite","status":"publish","type":"page","link":"https:\/\/quesocamerano.com\/de\/","title":{"rendered":"Startseite"},"content":{"rendered":"<div class=\"wpb-content-wrapper\">[vc_row row_type=&#8221;row&#8221; use_row_as_full_screen_section=&#8221;no&#8221; type=&#8221;full_width&#8221; angled_section=&#8221;no&#8221; text_align=&#8221;center&#8221; background_image=&#8221;16107&#8243; background_image_as_pattern=&#8221;without_pattern&#8221; css_animation=&#8221;&#8221; el_class=&#8221;custom_padding_cfh&#8221;][vc_column][vc_separator type=&#8221;transparent&#8221; up=&#8221;450&#8243; down=&#8221;0&#8243;][\/vc_column][\/vc_row][vc_row row_type=&#8221;row&#8221; use_row_as_full_screen_section=&#8221;no&#8221; type=&#8221;full_width&#8221; angled_section=&#8221;no&#8221; text_align=&#8221;left&#8221; background_image_as_pattern=&#8221;without_pattern&#8221; css_animation=&#8221;&#8221;][vc_column][vc_separator type=&#8221;normal&#8221; color=&#8221;#6a450e&#8221; thickness=&#8221;8&#8243; up=&#8221;0&#8243; down=&#8221;0&#8243;][\/vc_column][\/vc_row][vc_row row_type=&#8221;row&#8221; use_row_as_full_screen_section=&#8221;no&#8221; type=&#8221;grid&#8221; anchor=&#8221;about&#8221; angled_section=&#8221;no&#8221; text_align=&#8221;center&#8221; background_image_as_pattern=&#8221;without_pattern&#8221; background_color=&#8221;#f6f6f7&#8243; padding_top=&#8221;40&#8243; padding_bottom=&#8221;5&#8243; css_animation=&#8221;&#8221;][vc_column][vc_column_text]\n<h1 style=\"text-align: center;\">Gesch\u00fctzte Ursprungsbezeichnung (g.U. &#8211; span. DOP) Camerano-K\u00e4se<\/h1>\n<h2 style=\"text-align: center;\">Traditionelle Ziegenk\u00e4se<br \/>\nSierra de Cameros<br \/>\n(La Rioja)<\/h2>\n<p><img decoding=\"async\" class=\"aligncenter\" src=\"http:\/\/quesocamerano.com\/files\/denominacion-origen-protegida.png\" alt=\"denominacion-origen-protegida\" \/>[\/vc_column_text][vc_separator type=&#8221;transparent&#8221; up=&#8221;55&#8243; down=&#8221;0&#8243;][vc_column_text]\n<h3><em>&#8220;Aus einigen L\u00e4ndereien sch\u00f6pft man Wein, auf andere \u00fcberreicht man Geld, in einigen gibt man Speisen, in andere wiederum Schafb\u00f6cke, Eisen bringt man aus Alava und auch Stahl, und K\u00e4se bieten sie in allen D\u00f6rfern als Gabe dar&#8221;<\/em><\/h3>\n<p>(Das Zitat wurde aus den gesammelten Werken von Gonzalo de Berceo, \u201eObras completas\u201c, Espasa Calpe Verlag \/ Landesregierung La Rioja, Madrid, 1992, S. 243 entnommen)[\/vc_column_text][vc_separator type=&#8221;small&#8221; position=&#8221;center&#8221; color=&#8221;#71859d&#8221; thickness=&#8221;3&#8243; width=&#8221;35&#8243; up=&#8221;25&#8243; down=&#8221;25&#8243;][vc_column_text]\n<p><span id=\"result_box\" class=\"\" lang=\"de\"><span class=\"hps\">La Rioja<\/span> <span class=\"hps\">ist<\/span> <span class=\"hps\">ein kleiner Ort in<\/span> <span class=\"hps\">Spanien<\/span>, im Norden der <span class=\"hps\">Iberischen Halbinsel.<\/span> <span class=\"hps\">Im S\u00fcden<\/span> <span class=\"hps\">dieser Gemeinschaft<\/span> <span class=\"hps\">finden wir die<\/span> <strong><span class=\"hps\">Sierra<\/span> <span class=\"hps\">de Cameros<\/span>, <span class=\"hps\">den Herkunftsort<\/span> <\/strong><span class=\"hps\"><strong>K\u00e4se<\/strong>.<\/span><\/span>[\/vc_column_text][vc_separator type=&#8221;transparent&#8221; up=&#8221;95&#8243; down=&#8221;0&#8243;][\/vc_column][\/vc_row][vc_row row_type=&#8221;row&#8221; use_row_as_full_screen_section=&#8221;no&#8221; type=&#8221;full_width&#8221; angled_section=&#8221;no&#8221; text_align=&#8221;left&#8221; background_image_as_pattern=&#8221;without_pattern&#8221; css_animation=&#8221;&#8221;][vc_column][vc_separator type=&#8221;normal&#8221; color=&#8221;#6a450e&#8221; thickness=&#8221;8&#8243;][\/vc_column][\/vc_row][vc_row row_type=&#8221;row&#8221; use_row_as_full_screen_section=&#8221;no&#8221; type=&#8221;full_width&#8221; angled_section=&#8221;no&#8221; text_align=&#8221;left&#8221; background_image_as_pattern=&#8221;without_pattern&#8221; padding_bottom=&#8221;0&#8243; css_animation=&#8221;&#8221; el_class=&#8221;elements-holder-floated&#8221;][vc_column][qode_elements_holder background_color=&#8221;#ffffff&#8221; number_of_columns=&#8221;two_columns&#8221;][qode_elements_holder_item item_padding=&#8221;0px 0px 0px 0px&#8221; advanced_animations=&#8221;no&#8221;]<div class=\"q_image_with_text_over \"><div class=\"shader\" ><\/div><img decoding=\"async\" src=\"https:\/\/quesocamerano.com\/wp-content\/uploads\/home-historia.jpg\" alt=\"Geschichte\" \/><div class=\"text\"><table><tr><td><h3 class=\"caption no_icon\" style=\"color: #ffffff;font-size: 21px;\">Geschichte<\/h3><\/td><\/tr><\/table><table><tr><td><div class=\"desc\">Conoce la historia que hay tras nuestro queso Camerano. Aprende m\u00e1s sobre la vinculaci\u00f3n con la tierra y sobre nuestro producto.<\/p>\n[vc_separator type=&#8221;transparent&#8221; position=&#8221;position_center&#8221; up=&#8221;20&#8243;]\n<a  href=\"\/de\/geschichte\/\" target=\"_self\" data-hover-background-color=rgba(255,255,255,0.01) data-hover-border-color=#ffffff data-hover-color=#ffffff class=\"qbutton  center\" style=\"color: #ffffff; border-color: #ffffff; font-style: normal; font-weight: 400; border-radius: 0px;-moz-border-radius: 0px;-webkit-border-radius: 0px; background-color: rgba(255,255,255,0.01);\">Lies mehr<\/a><\/div><\/td><\/tr><\/table><\/div><\/div>[\/qode_elements_holder_item][qode_elements_holder_item item_padding=&#8221;0px 0px 0px 0px&#8221; advanced_animations=&#8221;no&#8221;]<div class=\"q_image_with_text_over \"><div class=\"shader\" ><\/div><img decoding=\"async\" src=\"https:\/\/quesocamerano.com\/wp-content\/uploads\/home-queso-camerano2.jpg\" alt=\"Camerano k\u00e4se\" \/><div class=\"text\"><table><tr><td><h3 class=\"caption no_icon\" style=\"color: #ffffff;font-size: 21px;\">Camerano k\u00e4se<\/h3><\/td><\/tr><\/table><table><tr><td><div class=\"desc\">El queso Camerano es un queso elaborado a partir de leche de cabra. Conoce nuestros tipos de quesos y sus caracter\u00edsticas.<\/p>\n[vc_separator type=&#8221;transparent&#8221; position=&#8221;position_center&#8221; up=&#8221;20&#8243;]\n<a  href=\"\/de\/camerano-kaese\/\" target=\"_self\" data-hover-background-color=rgba(255,255,255,0.01) data-hover-border-color=#ffffff data-hover-color=#ffffff class=\"qbutton  center\" style=\"color: #ffffff; border-color: #ffffff; font-style: normal; font-weight: 400; border-radius: 0px;-moz-border-radius: 0px;-webkit-border-radius: 0px; background-color: rgba(255,255,255,0.01);\">Lies mehr<\/a><\/div><\/td><\/tr><\/table><\/div><\/div>[\/qode_elements_holder_item][\/qode_elements_holder][\/vc_column][\/vc_row][vc_row row_type=&#8221;row&#8221; use_row_as_full_screen_section=&#8221;no&#8221; type=&#8221;full_width&#8221; angled_section=&#8221;no&#8221; text_align=&#8221;left&#8221; background_image_as_pattern=&#8221;without_pattern&#8221; padding_bottom=&#8221;0&#8243; css_animation=&#8221;&#8221; el_class=&#8221;elements-holder-floated&#8221;][vc_column][qode_elements_holder background_color=&#8221;#ffffff&#8221; number_of_columns=&#8221;two_columns&#8221;][qode_elements_holder_item item_padding=&#8221;0px 0px 0px 0px&#8221; advanced_animations=&#8221;no&#8221;]<div class=\"q_image_with_text_over \"><div class=\"shader\" ><\/div><img decoding=\"async\" src=\"https:\/\/quesocamerano.com\/wp-content\/uploads\/home-diferenciarlos-v2.jpg\" alt=\"Unterscheidungsmerkmale dieser k\u00e4sesorte\" \/><div class=\"text\"><table><tr><td><h3 class=\"caption no_icon\" style=\"color: #ffffff;font-size: 21px;\">Unterscheidungsmerkmale dieser k\u00e4sesorte<\/h3><\/td><\/tr><\/table><table><tr><td><div class=\"desc\">Con estos sencillos puntos sabr\u00e1s diferenciar esos peque\u00f1os aspectos que hacen a nuestros quesos tan especiales.<\/p>\n[vc_separator type=&#8221;transparent&#8221; position=&#8221;position_center&#8221; up=&#8221;20&#8243;]\n<a  href=\"\/de\/unterscheidungsmerkmale-dieser-kaesesorte\/\" target=\"_self\" data-hover-background-color=rgba(255,255,255,0.01) data-hover-border-color=#ffffff data-hover-color=#ffffff class=\"qbutton  center\" style=\"color: #ffffff; border-color: #ffffff; font-style: normal; font-weight: 400; border-radius: 0px;-moz-border-radius: 0px;-webkit-border-radius: 0px; background-color: rgba(255,255,255,0.01);\">Lies mehr<\/a><\/div><\/td><\/tr><\/table><\/div><\/div>[\/qode_elements_holder_item][qode_elements_holder_item item_padding=&#8221;0px 0px 0px 0px&#8221; advanced_animations=&#8221;no&#8221;]<div class=\"q_image_with_text_over \"><div class=\"shader\" ><\/div><img decoding=\"async\" src=\"https:\/\/quesocamerano.com\/wp-content\/uploads\/home-zona.jpg\" alt=\"Herstellungsgebiet\" \/><div class=\"text\"><table><tr><td><h3 class=\"caption no_icon\" style=\"color: #ffffff;font-size: 21px;\">Herstellungsgebiet<\/h3><\/td><\/tr><\/table><table><tr><td><div class=\"desc\">La Rioja re\u00fane muchas de las condiciones para ello, por eso la Sierra de Cameros es y sigue siendo, una zona con tradici\u00f3n de ganado caprino.<\/p>\n[vc_separator type=&#8221;transparent&#8221; position=&#8221;position_center&#8221; up=&#8221;20&#8243;]\n<a  href=\"\/de\/herstellungsgebiet\/\" target=\"_self\" data-hover-background-color=rgba(255,255,255,0.01) data-hover-border-color=#ffffff data-hover-color=#ffffff class=\"qbutton  center\" style=\"color: #ffffff; border-color: #ffffff; font-style: normal; font-weight: 400; border-radius: 0px;-moz-border-radius: 0px;-webkit-border-radius: 0px; background-color: rgba(255,255,255,0.01);\">Lies mehr<\/a><\/div><\/td><\/tr><\/table><\/div><\/div>[\/qode_elements_holder_item][\/qode_elements_holder][\/vc_column][\/vc_row][vc_row row_type=&#8221;row&#8221; use_row_as_full_screen_section=&#8221;no&#8221; type=&#8221;full_width&#8221; angled_section=&#8221;no&#8221; text_align=&#8221;left&#8221; background_image_as_pattern=&#8221;without_pattern&#8221; padding_bottom=&#8221;0&#8243; css_animation=&#8221;&#8221; el_class=&#8221;elements-holder-floated&#8221;][vc_column][qode_elements_holder background_color=&#8221;#ffffff&#8221; number_of_columns=&#8221;two_columns&#8221;][qode_elements_holder_item item_padding=&#8221;0px 0px 0px 0px&#8221; advanced_animations=&#8221;no&#8221;]<div class=\"q_image_with_text_over \"><div class=\"shader\" ><\/div><img decoding=\"async\" src=\"https:\/\/quesocamerano.com\/wp-content\/uploads\/cabras-cameros.jpg\" alt=\"Ziegenrassen\" \/><div class=\"text\"><table><tr><td><h3 class=\"caption no_icon\" style=\"color: #ffffff;font-size: 21px;\">Ziegenrassen<\/h3><\/td><\/tr><\/table><table><tr><td><div class=\"desc\">Descubre la raza de nuestras cabras, su alimentaci\u00f3n y el estilo de vida.<\/p>\n[vc_separator type=&#8221;transparent&#8221; position=&#8221;position_center&#8221; up=&#8221;20&#8243;]\n<a  href=\"\/de\/ziegenrassen\/\" target=\"_self\" data-hover-background-color=rgba(255,255,255,0.01) data-hover-border-color=#ffffff data-hover-color=#ffffff class=\"qbutton  center\" style=\"color: #ffffff; border-color: #ffffff; font-style: normal; font-weight: 400; border-radius: 0px;-moz-border-radius: 0px;-webkit-border-radius: 0px; background-color: rgba(255,255,255,0.01);\">Lies mehr<\/a><\/div><\/td><\/tr><\/table><\/div><\/div>[\/qode_elements_holder_item][qode_elements_holder_item item_padding=&#8221;0px 0px 0px 0px&#8221; advanced_animations=&#8221;no&#8221;]<div class=\"q_image_with_text_over \"><div class=\"shader\" ><\/div><img decoding=\"async\" src=\"https:\/\/quesocamerano.com\/wp-content\/uploads\/home-inscritos.jpg\" alt=\"Eingetragene\" \/><div class=\"text\"><table><tr><td><h3 class=\"caption no_icon\" style=\"color: #ffffff;font-size: 21px;\">Eingetragene<\/h3><\/td><\/tr><\/table><table><tr><td><div class=\"desc\">Conoce que ganaderos y queser\u00edas est\u00e1n inscritas a la Denominaci\u00f3n de Origen Protegida del Queso Camerano.<\/p>\n[vc_separator type=&#8221;transparent&#8221; position=&#8221;position_center&#8221; up=&#8221;20&#8243;]\n<a  href=\"\/de\/eingetragene\/\" target=\"_self\" data-hover-background-color=rgba(255,255,255,0.01) data-hover-border-color=#ffffff data-hover-color=#ffffff class=\"qbutton  center\" style=\"color: #ffffff; border-color: #ffffff; font-style: normal; font-weight: 400; border-radius: 0px;-moz-border-radius: 0px;-webkit-border-radius: 0px; background-color: rgba(255,255,255,0.01);\">Lies mehr<\/a><\/div><\/td><\/tr><\/table><\/div><\/div>[\/qode_elements_holder_item][\/qode_elements_holder][\/vc_column][\/vc_row][vc_row row_type=&#8221;row&#8221; use_row_as_full_screen_section=&#8221;no&#8221; type=&#8221;full_width&#8221; angled_section=&#8221;no&#8221; text_align=&#8221;left&#8221; background_image_as_pattern=&#8221;without_pattern&#8221; padding_bottom=&#8221;0&#8243; css_animation=&#8221;&#8221; el_class=&#8221;elements-holder-floated&#8221;][vc_column][qode_elements_holder background_color=&#8221;#ffffff&#8221; number_of_columns=&#8221;two_columns&#8221;][qode_elements_holder_item item_padding=&#8221;0px 0px 0px 0px&#8221; advanced_animations=&#8221;no&#8221;]<div class=\"q_image_with_text_over \"><div class=\"shader\" ><\/div><img decoding=\"async\" src=\"https:\/\/quesocamerano.com\/wp-content\/uploads\/home-reglamentacion.jpg\" alt=\"Regelung\" \/><div class=\"text\"><table><tr><td><h3 class=\"caption no_icon\" style=\"color: #ffffff;font-size: 21px;\">Regelung<\/h3><\/td><\/tr><\/table><table><tr><td><div class=\"desc\">Conoce m\u00e1s acerca de nuestra Denominaci\u00f3n de Origen y la reglamentaci\u00f3n de la comisi\u00f3n.<\/p>\n[vc_separator type=&#8221;transparent&#8221; position=&#8221;position_center&#8221; up=&#8221;20&#8243;]\n<a  href=\"\/de\/regelung\/\" target=\"_self\" data-hover-background-color=rgba(255,255,255,0.01) data-hover-border-color=#ffffff data-hover-color=#ffffff class=\"qbutton  center\" style=\"color: #ffffff; border-color: #ffffff; font-style: normal; font-weight: 400; border-radius: 0px;-moz-border-radius: 0px;-webkit-border-radius: 0px; background-color: rgba(255,255,255,0.01);\">Lies mehr<\/a><\/div><\/td><\/tr><\/table><\/div><\/div>[\/qode_elements_holder_item][qode_elements_holder_item item_padding=&#8221;0px 0px 0px 0px&#8221; advanced_animations=&#8221;no&#8221;]<div class=\"q_image_with_text_over \"><div class=\"shader\" ><\/div><img decoding=\"async\" src=\"https:\/\/quesocamerano.com\/wp-content\/uploads\/home-noticias.jpg\" alt=\"Nachrichten\" \/><div class=\"text\"><table><tr><td><h3 class=\"caption no_icon\" style=\"color: #ffffff;font-size: 21px;\">Nachrichten<\/h3><\/td><\/tr><\/table><table><tr><td><div class=\"desc\">Sigue nuestras noticias y mantente informado de todas las novedades en lo que respecta a nuestro queso y la DO.<\/p>\n[vc_separator type=&#8221;transparent&#8221; position=&#8221;position_center&#8221; up=&#8221;20&#8243;]\n<a  href=\"\/de\/nachrichten\/\" target=\"_self\" data-hover-background-color=rgba(255,255,255,0.01) data-hover-border-color=#ffffff data-hover-color=#ffffff class=\"qbutton  center\" style=\"color: #ffffff; border-color: #ffffff; font-style: normal; font-weight: 400; border-radius: 0px;-moz-border-radius: 0px;-webkit-border-radius: 0px; background-color: rgba(255,255,255,0.01);\">Lies mehr<\/a><\/div><\/td><\/tr><\/table><\/div><\/div>[\/qode_elements_holder_item][\/qode_elements_holder][\/vc_column][\/vc_row][vc_row row_type=&#8221;row&#8221; use_row_as_full_screen_section=&#8221;no&#8221; type=&#8221;full_width&#8221; angled_section=&#8221;no&#8221; text_align=&#8221;left&#8221; background_image_as_pattern=&#8221;without_pattern&#8221; css_animation=&#8221;&#8221;][vc_column][vc_separator type=&#8221;normal&#8221; color=&#8221;#6a450e&#8221; thickness=&#8221;8&#8243; up=&#8221;0&#8243; down=&#8221;0&#8243;][\/vc_column][\/vc_row][vc_row row_type=&#8221;row&#8221; use_row_as_full_screen_section=&#8221;no&#8221; type=&#8221;full_width&#8221; angled_section=&#8221;no&#8221; text_align=&#8221;center&#8221; background_image=&#8221;16108&#8243; background_image_as_pattern=&#8221;without_pattern&#8221; css_animation=&#8221;&#8221;][vc_column][vc_separator type=&#8221;transparent&#8221; up=&#8221;85&#8243;][vc_separator type=&#8221;transparent&#8221; up=&#8221;70&#8243; down=&#8221;0&#8243;][\/vc_column][\/vc_row]\n<\/div>","protected":false},"excerpt":{"rendered":"<p>[vc_row row_type=&#8221;row&#8221; use_row_as_full_screen_section=&#8221;no&#8221; type=&#8221;full_width&#8221; angled_section=&#8221;no&#8221; text_align=&#8221;center&#8221; background_image=&#8221;16107&#8243; background_image_as_pattern=&#8221;without_pattern&#8221; css_animation=&#8221;&#8221; el_class=&#8221;custom_padding_cfh&#8221;][vc_column][vc_separator type=&#8221;transparent&#8221; up=&#8221;450&#8243; down=&#8221;0&#8243;][\/vc_column][\/vc_row][vc_row row_type=&#8221;row&#8221; use_row_as_full_screen_section=&#8221;no&#8221; type=&#8221;full_width&#8221; angled_section=&#8221;no&#8221; text_align=&#8221;left&#8221; background_image_as_pattern=&#8221;without_pattern&#8221; css_animation=&#8221;&#8221;][vc_column][vc_separator type=&#8221;normal&#8221; color=&#8221;#6a450e&#8221; thickness=&#8221;8&#8243; up=&#8221;0&#8243; down=&#8221;0&#8243;][\/vc_column][\/vc_row][vc_row row_type=&#8221;row&#8221; use_row_as_full_screen_section=&#8221;no&#8221; type=&#8221;grid&#8221; anchor=&#8221;about&#8221; angled_section=&#8221;no&#8221; text_align=&#8221;center&#8221; background_image_as_pattern=&#8221;without_pattern&#8221; background_color=&#8221;#f6f6f7&#8243; padding_top=&#8221;40&#8243; padding_bottom=&#8221;5&#8243; css_animation=&#8221;&#8221;][vc_column][vc_column_text] Gesch\u00fctzte Ursprungsbezeichnung (g.U. &#8211; span. DOP) Camerano-K\u00e4se Traditionelle Ziegenk\u00e4se&#8230;<\/p>\n","protected":false},"author":3,"featured_media":0,"parent":0,"menu_order":0,"comment_status":"open","ping_status":"open","template":"full_width.php","meta":{"footnotes":""},"class_list":["post-16023","page","type-page","status-publish","hentry"],"yoast_head":"<!-- This site is optimized with the Yoast SEO plugin v26.6 - https:\/\/yoast.com\/wordpress\/plugins\/seo\/ -->\n<title>Startseite - DOP Queso Camerano<\/title>\n<meta name=\"robots\" content=\"index, follow, max-snippet:-1, max-image-preview:large, max-video-preview:-1\" \/>\n<link rel=\"canonical\" href=\"https:\/\/quesocamerano.com\/de\/\" \/>\n<meta property=\"og:locale\" content=\"de_DE\" \/>\n<meta property=\"og:type\" content=\"article\" \/>\n<meta property=\"og:title\" content=\"Startseite - DOP Queso Camerano\" \/>\n<meta property=\"og:description\" content=\"[vc_row row_type=&#8221;row&#8221; use_row_as_full_screen_section=&#8221;no&#8221; type=&#8221;full_width&#8221; angled_section=&#8221;no&#8221; text_align=&#8221;center&#8221; background_image=&#8221;16107&#8243; background_image_as_pattern=&#8221;without_pattern&#8221; css_animation=&#8221;&#8221; el_class=&#8221;custom_padding_cfh&#8221;][vc_column][vc_separator type=&#8221;transparent&#8221; up=&#8221;450&#8243; down=&#8221;0&#8243;][\/vc_column][\/vc_row][vc_row row_type=&#8221;row&#8221; use_row_as_full_screen_section=&#8221;no&#8221; type=&#8221;full_width&#8221; angled_section=&#8221;no&#8221; text_align=&#8221;left&#8221; background_image_as_pattern=&#8221;without_pattern&#8221; css_animation=&#8221;&#8221;][vc_column][vc_separator type=&#8221;normal&#8221; color=&#8221;#6a450e&#8221; thickness=&#8221;8&#8243; up=&#8221;0&#8243; down=&#8221;0&#8243;][\/vc_column][\/vc_row][vc_row row_type=&#8221;row&#8221; use_row_as_full_screen_section=&#8221;no&#8221; type=&#8221;grid&#8221; anchor=&#8221;about&#8221; angled_section=&#8221;no&#8221; text_align=&#8221;center&#8221; background_image_as_pattern=&#8221;without_pattern&#8221; background_color=&#8221;#f6f6f7&#8243; padding_top=&#8221;40&#8243; padding_bottom=&#8221;5&#8243; css_animation=&#8221;&#8221;][vc_column][vc_column_text] Gesch\u00fctzte Ursprungsbezeichnung (g.U. &#8211; span. DOP) Camerano-K\u00e4se Traditionelle Ziegenk\u00e4se...\" \/>\n<meta property=\"og:url\" content=\"https:\/\/quesocamerano.com\/de\/\" \/>\n<meta property=\"og:site_name\" content=\"DOP Queso Camerano\" \/>\n<meta property=\"article:modified_time\" content=\"2015-11-19T19:18:23+00:00\" \/>\n<meta property=\"og:image\" content=\"http:\/\/quesocamerano.com\/files\/denominacion-origen-protegida.png\" \/>\n<meta name=\"twitter:card\" content=\"summary_large_image\" \/>\n<meta name=\"twitter:label1\" content=\"Est. reading time\" \/>\n\t<meta name=\"twitter:data1\" content=\"7 minutes\" \/>\n<script type=\"application\/ld+json\" class=\"yoast-schema-graph\">{\"@context\":\"https:\/\/schema.org\",\"@graph\":[{\"@type\":\"WebPage\",\"@id\":\"https:\/\/quesocamerano.com\/de\/\",\"url\":\"https:\/\/quesocamerano.com\/de\/\",\"name\":\"Startseite - DOP Queso Camerano\",\"isPartOf\":{\"@id\":\"https:\/\/quesocamerano.com\/#website\"},\"primaryImageOfPage\":{\"@id\":\"https:\/\/quesocamerano.com\/de\/#primaryimage\"},\"image\":{\"@id\":\"https:\/\/quesocamerano.com\/de\/#primaryimage\"},\"thumbnailUrl\":\"http:\/\/quesocamerano.com\/files\/denominacion-origen-protegida.png\",\"datePublished\":\"2015-11-18T14:34:51+00:00\",\"dateModified\":\"2015-11-19T19:18:23+00:00\",\"breadcrumb\":{\"@id\":\"https:\/\/quesocamerano.com\/de\/#breadcrumb\"},\"inLanguage\":\"de-DE\",\"potentialAction\":[{\"@type\":\"ReadAction\",\"target\":[\"https:\/\/quesocamerano.com\/de\/\"]}]},{\"@type\":\"ImageObject\",\"inLanguage\":\"de-DE\",\"@id\":\"https:\/\/quesocamerano.com\/de\/#primaryimage\",\"url\":\"http:\/\/quesocamerano.com\/files\/denominacion-origen-protegida.png\",\"contentUrl\":\"http:\/\/quesocamerano.com\/files\/denominacion-origen-protegida.png\"},{\"@type\":\"BreadcrumbList\",\"@id\":\"https:\/\/quesocamerano.com\/de\/#breadcrumb\",\"itemListElement\":[{\"@type\":\"ListItem\",\"position\":1,\"name\":\"Portada\",\"item\":\"https:\/\/quesocamerano.com\/de\/\"},{\"@type\":\"ListItem\",\"position\":2,\"name\":\"Startseite\"}]},{\"@type\":\"WebSite\",\"@id\":\"https:\/\/quesocamerano.com\/#website\",\"url\":\"https:\/\/quesocamerano.com\/\",\"name\":\"DOP Queso Camerano\",\"description\":\"\",\"potentialAction\":[{\"@type\":\"SearchAction\",\"target\":{\"@type\":\"EntryPoint\",\"urlTemplate\":\"https:\/\/quesocamerano.com\/?s={search_term_string}\"},\"query-input\":{\"@type\":\"PropertyValueSpecification\",\"valueRequired\":true,\"valueName\":\"search_term_string\"}}],\"inLanguage\":\"de-DE\"}]}<\/script>\n<!-- \/ Yoast SEO plugin. -->","yoast_head_json":{"title":"Startseite - DOP Queso Camerano","robots":{"index":"index","follow":"follow","max-snippet":"max-snippet:-1","max-image-preview":"max-image-preview:large","max-video-preview":"max-video-preview:-1"},"canonical":"https:\/\/quesocamerano.com\/de\/","og_locale":"de_DE","og_type":"article","og_title":"Startseite - DOP Queso Camerano","og_description":"[vc_row row_type=&#8221;row&#8221; use_row_as_full_screen_section=&#8221;no&#8221; type=&#8221;full_width&#8221; angled_section=&#8221;no&#8221; text_align=&#8221;center&#8221; background_image=&#8221;16107&#8243; background_image_as_pattern=&#8221;without_pattern&#8221; css_animation=&#8221;&#8221; el_class=&#8221;custom_padding_cfh&#8221;][vc_column][vc_separator type=&#8221;transparent&#8221; up=&#8221;450&#8243; down=&#8221;0&#8243;][\/vc_column][\/vc_row][vc_row row_type=&#8221;row&#8221; use_row_as_full_screen_section=&#8221;no&#8221; type=&#8221;full_width&#8221; angled_section=&#8221;no&#8221; text_align=&#8221;left&#8221; background_image_as_pattern=&#8221;without_pattern&#8221; css_animation=&#8221;&#8221;][vc_column][vc_separator type=&#8221;normal&#8221; color=&#8221;#6a450e&#8221; thickness=&#8221;8&#8243; up=&#8221;0&#8243; down=&#8221;0&#8243;][\/vc_column][\/vc_row][vc_row row_type=&#8221;row&#8221; use_row_as_full_screen_section=&#8221;no&#8221; type=&#8221;grid&#8221; anchor=&#8221;about&#8221; angled_section=&#8221;no&#8221; text_align=&#8221;center&#8221; background_image_as_pattern=&#8221;without_pattern&#8221; background_color=&#8221;#f6f6f7&#8243; padding_top=&#8221;40&#8243; padding_bottom=&#8221;5&#8243; css_animation=&#8221;&#8221;][vc_column][vc_column_text] Gesch\u00fctzte Ursprungsbezeichnung (g.U. &#8211; span. DOP) Camerano-K\u00e4se Traditionelle Ziegenk\u00e4se...","og_url":"https:\/\/quesocamerano.com\/de\/","og_site_name":"DOP Queso Camerano","article_modified_time":"2015-11-19T19:18:23+00:00","og_image":[{"url":"http:\/\/quesocamerano.com\/files\/denominacion-origen-protegida.png","type":"","width":"","height":""}],"twitter_card":"summary_large_image","twitter_misc":{"Est. reading time":"7 minutes"},"schema":{"@context":"https:\/\/schema.org","@graph":[{"@type":"WebPage","@id":"https:\/\/quesocamerano.com\/de\/","url":"https:\/\/quesocamerano.com\/de\/","name":"Startseite - DOP Queso Camerano","isPartOf":{"@id":"https:\/\/quesocamerano.com\/#website"},"primaryImageOfPage":{"@id":"https:\/\/quesocamerano.com\/de\/#primaryimage"},"image":{"@id":"https:\/\/quesocamerano.com\/de\/#primaryimage"},"thumbnailUrl":"http:\/\/quesocamerano.com\/files\/denominacion-origen-protegida.png","datePublished":"2015-11-18T14:34:51+00:00","dateModified":"2015-11-19T19:18:23+00:00","breadcrumb":{"@id":"https:\/\/quesocamerano.com\/de\/#breadcrumb"},"inLanguage":"de-DE","potentialAction":[{"@type":"ReadAction","target":["https:\/\/quesocamerano.com\/de\/"]}]},{"@type":"ImageObject","inLanguage":"de-DE","@id":"https:\/\/quesocamerano.com\/de\/#primaryimage","url":"http:\/\/quesocamerano.com\/files\/denominacion-origen-protegida.png","contentUrl":"http:\/\/quesocamerano.com\/files\/denominacion-origen-protegida.png"},{"@type":"BreadcrumbList","@id":"https:\/\/quesocamerano.com\/de\/#breadcrumb","itemListElement":[{"@type":"ListItem","position":1,"name":"Portada","item":"https:\/\/quesocamerano.com\/de\/"},{"@type":"ListItem","position":2,"name":"Startseite"}]},{"@type":"WebSite","@id":"https:\/\/quesocamerano.com\/#website","url":"https:\/\/quesocamerano.com\/","name":"DOP Queso Camerano","description":"","potentialAction":[{"@type":"SearchAction","target":{"@type":"EntryPoint","urlTemplate":"https:\/\/quesocamerano.com\/?s={search_term_string}"},"query-input":{"@type":"PropertyValueSpecification","valueRequired":true,"valueName":"search_term_string"}}],"inLanguage":"de-DE"}]}},"_links":{"self":[{"href":"https:\/\/quesocamerano.com\/de\/wp-json\/wp\/v2\/pages\/16023","targetHints":{"allow":["GET"]}}],"collection":[{"href":"https:\/\/quesocamerano.com\/de\/wp-json\/wp\/v2\/pages"}],"about":[{"href":"https:\/\/quesocamerano.com\/de\/wp-json\/wp\/v2\/types\/page"}],"author":[{"embeddable":true,"href":"https:\/\/quesocamerano.com\/de\/wp-json\/wp\/v2\/users\/3"}],"replies":[{"embeddable":true,"href":"https:\/\/quesocamerano.com\/de\/wp-json\/wp\/v2\/comments?post=16023"}],"version-history":[{"count":6,"href":"https:\/\/quesocamerano.com\/de\/wp-json\/wp\/v2\/pages\/16023\/revisions"}],"predecessor-version":[{"id":16112,"href":"https:\/\/quesocamerano.com\/de\/wp-json\/wp\/v2\/pages\/16023\/revisions\/16112"}],"wp:attachment":[{"href":"https:\/\/quesocamerano.com\/de\/wp-json\/wp\/v2\/media?parent=16023"}],"curies":[{"name":"wp","href":"https:\/\/api.w.org\/{rel}","templated":true}]}}