{"id":16374,"date":"2016-01-27T11:35:15","date_gmt":"2016-01-27T10:35:15","guid":{"rendered":"http:\/\/quesocamerano.com\/en\/?page_id=16374"},"modified":"2016-02-19T14:36:43","modified_gmt":"2016-02-19T13:36:43","slug":"legal-notice","status":"publish","type":"page","link":"https:\/\/quesocamerano.com\/en\/legal-notice\/","title":{"rendered":"legal notice"},"content":{"rendered":"<div class=\"wpb-content-wrapper\">[vc_row row_type=&#8221;row&#8221; use_row_as_full_screen_section=&#8221;no&#8221; type=&#8221;full_width&#8221; angled_section=&#8221;no&#8221; text_align=&#8221;left&#8221; background_image_as_pattern=&#8221;without_pattern&#8221; css_animation=&#8221;&#8221;][vc_column][vc_separator type=&#8221;transparent&#8221; up=&#8221;35&#8243;][vc_column_text]\n<h1>Legal notice<\/h1>\n<p><span style=\"text-decoration: underline;\"><strong>DATOS DE LA EMPRESA<\/strong><\/span><\/p>\n<p>ASOCIACI\u00d3N DEL QUESO CAMERANO<\/p>\n<p>CIF: G-26451138<br \/>\nDirecci\u00f3n: Pol. Ind. Fuenteciega, C\/ Los Nogales N\u00ba 58<br \/>\nC.P: 26200 Localidad: HARO<br \/>\nProvincia: LA RIOJA<br \/>\ne-mail: info@quesocamerano.com<\/p>\n<p><span style=\"text-decoration: underline;\"><strong>TERMINOS GENERALES DE USO DE www.quesocamerano.com<\/strong><\/span><\/p>\n<p>El acceso a los contenidos de las secciones de nuestra Web, se har\u00e1 de acuerdo a la pol\u00edtica que establezca la entidad. Asimismo ASOCIACI\u00d3N DEL QUESO CAMERANO podr\u00e1 modificar, en cualquier momento y sin previo aviso, la informaci\u00f3n contenida en el sitio Web, por lo que la entidad no se responsabiliza de que esa informaci\u00f3n est\u00e9 actualizada.<\/p>\n<p><strong><u>RESPONSABILIDAD DE ASOCIACI\u00d3N DEL QUESO CAMERANO<\/u><\/strong><\/p>\n<p>Tanto el acceso a esta Web como el uso que pueda hacerse de la informaci\u00f3n contenida en el mismo es de la exclusiva responsabilidad de quien lo realiza.<\/p>\n<p>ASOCIACI\u00d3N DEL QUESO CAMERANO no responder\u00e1 de ninguna consecuencia, da\u00f1o o perjuicio que pudieran derivarse de dicho acceso o uso de la informaci\u00f3n. ASOCIACI\u00d3N DEL QUESO CAMERANO no se hace responsable de los posibles errores de seguridad que se puedan producir ni de los posibles da\u00f1os que puedan causarse al sistema inform\u00e1tico del usuario (hardware y software), los ficheros o documentos almacenados en el mismo, como consecuencia de la presencia de virus en el ordenador del usuario utilizado para la conexi\u00f3n a los servicios y contenidos de la Web, de un mal funcionamiento del navegador o del uso de versiones no actualizadas del mismo.<\/p>\n<p>Por tanto El usuario acepta, de forma expresa y sin reservas, que el acceso y la utilizaci\u00f3n del portal, se hace bajo su \u00fanica y exclusiva responsabilidad.<\/p>\n<p>En virtud de la Ley 34\/2002 de 11 de julio de Servicios de la Sociedad de la Informaci\u00f3n y Comercio Electr\u00f3nico, para cualquier controversia que pudiera surgir ser\u00e1 de aplicaci\u00f3n la legislaci\u00f3n espa\u00f1ola. El usuario responder\u00e1, en cualquier caso, de la veracidad de los datos facilitados, reserv\u00e1ndose ASOCIACI\u00d3N DEL QUESO CAMERANO el derecho a excluir de los servicios registrados a todo usuario que haya facilitado datos falsos, sin prejuicio de las dem\u00e1s acciones que procedan en Derecho.<\/p>\n<p><strong><u>PROPIEDAD INTELECTUAL<\/u><\/strong><\/p>\n<p>ASOCIACI\u00d3N DEL QUESO CAMERANO es propietario y\/o licenciatario, de toda la informaci\u00f3n contenida en este portal, de su dise\u00f1o gr\u00e1fico, im\u00e1genes, bases de datos, \u00edndices, c\u00f3digos fuentes, marcas y logotipos, estando protegidos conforme a lo dispuesto en la Ley de Propiedad Intelectual, y, en la Ley de Marcas.<\/p>\n<p>Su puesta a disposici\u00f3n y uso, no supone, en ning\u00fan caso, la cesi\u00f3n de su titularidad o la concesi\u00f3n de un derecho de uso a favor del Usuario, por lo que toda reproducci\u00f3n, copia, distribuci\u00f3n total o parcial, o, comercializaci\u00f3n, requerir\u00e1 la autorizaci\u00f3n previa y escrita de ASOCIACI\u00d3N DEL QUESO CAMERANO, reserv\u00e1ndose la entidad, en caso de uso indebido del Website, el derecho a ejercitar cuantas acciones legales fueran precisas para la restituci\u00f3n de los da\u00f1os y perjuicios causados, asimismo el usuario se obliga a indemnizar a la entidad por cualquier da\u00f1o o perjuicio que pudiera ocasionar por el uso de esta Web, infringiendo estas condiciones generales y\/o la legalidad vigente.<\/p>\n<p><strong><u>POL\u00cdTICA DE PROTECCI\u00d3N DE DATOS<\/u><\/strong><\/p>\n<p>En cumplimiento de lo establecido en la Ley Org\u00e1nica 15\/1999, de 13 de diciembre de Protecci\u00f3n de Datos de Car\u00e1cter Personal, le informamos que los datos que nos facilita formar\u00e1n parte de un fichero propiedad de ASOCIACI\u00d3N DEL QUESO CAMERANO<\/p>\n<p>Dado el car\u00e1cter personal de los datos facilitados, ASOCIACI\u00d3N DEL QUESO CAMERANO se compromete a tratarlos con estricta confidencialidad guardando el secreto debido, a este efecto, la entidad ha elaborado e implantado un Documento de Seguridad de conformidad con la Ley Org\u00e1nica 15\/1999 de 13 de diciembre de Protecci\u00f3n de Datos de Car\u00e1cter Personal (en adelante LOPD) y el Real Decreto 1720\/2007 de 21 de diciembre por el que se aprueba el Reglamento de desarrollo de la Ley Org\u00e1nica 15\/1999 de 13 de diciembre de protecci\u00f3n de datos de car\u00e1cter personal.<\/p>\n<p>Para la correcta prestaci\u00f3n de los servicios ofrecidos por ASOCIACI\u00d3N DEL QUESO CAMERANO, es preciso que el usuario conteste a todas y cada una de las preguntas que aparecen en los formularios presentes en nuestra P\u00e1gina Web.<\/p>\n<p>Sus datos personales ser\u00e1n tratados con estricta confidencialidad, pudiendo ejercitar sus derechos de acceso, rectificaci\u00f3n, cancelaci\u00f3n y oposici\u00f3n, mediante comunicaci\u00f3n escrita dirigida a la entidad en la direcci\u00f3n postal arriba indicada<\/p>\n<p>El usuario declara, para el supuesto que facilite datos de car\u00e1cter personal de terceros, contar con el consentimiento expreso de los mismo inform\u00e1ndoles a dichos terceros, del contenido de los datos facilitados, de la procedencia de los mismos, de la existencia y finalidad del fichero donde se contienen sus datos, de la posibilidad de ejercitar los derechos de acceso, rectificaci\u00f3n, cancelaci\u00f3n y oposici\u00f3n, as\u00ed como de los datos identificativos de ASOCIACI\u00d3N DEL QUESO CAMERANO<\/p>\n<p>El tratamiento automatizado de los datos de car\u00e1cter personal solicitados tendr\u00e1n como finalidad adem\u00e1s del mantenimiento, la gesti\u00f3n y administraci\u00f3n de la relaci\u00f3n contractual que en su caso se pudiera entablar, el env\u00edo de informaci\u00f3n comercial relativa a productos y servicios ofrecidos actualmente y en el futuro por ASOCIACI\u00d3N DEL QUESO CAMERANO; esa informaci\u00f3n incluye comunicaciones publicitarias y promocionales, a trav\u00e9s de correo postal, fax, correo electr\u00f3nico o\u00a0 cualquier otro medio.<\/p>\n<p>A trav\u00e9s de la aceptaci\u00f3n de esta pol\u00edtica, Vd. autoriza y consiente la cesi\u00f3n de sus datos personales a otras entidades (Entidades bancarias, compa\u00f1\u00edas de seguros, empresas de transporte, etc.) \u00fanica y exclusivamente cuando sea necesario para la prestaci\u00f3n del servicio solicitado.<\/p>\n<p>Asimismo, le informamos que por motivos de promoci\u00f3n y difusi\u00f3n de las actividades promovidas por ASOCIACI\u00d3N DEL QUESO CAMERANO, en el caso en el que Vd. asista a una jornada organizada por la entidad o realice una visita a la empresa, se captar\u00e1n im\u00e1genes y podr\u00e1n ser difundidas posteriormente a trav\u00e9s de esta P\u00e1gina Web o cualquier medio de comunicaci\u00f3n de la empresa o red social en la que tenga cuenta la empresa. Por ello, la aceptaci\u00f3n de esta pol\u00edtica supone el consentimiento a los tratamientos antes descritos.<\/p>\n<p>Transcurrido el plazo de treinta d\u00edas desde la aceptaci\u00f3n de estas condiciones sin recibir negativa fehaciente de su parte, al uso de sus datos para la remisi\u00f3n de comunicaciones comerciales a trav\u00e9s de procedimientos electr\u00f3nicos, entenderemos que consiente dicho tratamiento, sin perjuicio de su derecho a proceder a la revocaci\u00f3n del mismo en cualquier momento, mediante comunicaci\u00f3n escrita dirigida a la entidad en la direcci\u00f3n postal indicada en la P\u00e1gina Web.<\/p>\n<p><strong><u>LINKS, BANNERS<\/u><\/strong><\/p>\n<p>La inclusi\u00f3n en el portal <u>www.quesocamerano.com<\/u>\u00a0de links o enlaces con otros portales, tiene una finalidad meramente informativa, y no supone que ASOCIACI\u00d3N DEL QUESO CAMERANO recomiende y\/o garantice dichos portales, sobre los que no ejerce control alguno, ni es responsable del contenido de los mismos.<\/p>\n<p><strong><u>COOKIES<\/u><\/strong><\/p>\n<p>En ocasiones es posible que utilicemos una tecnolog\u00eda llamada \u201ccookies\u201d con el fin de que proporcionemos una serie de contenidos y\/o servicios de manera personalizada. Una \u201ccookie\u201d es un peque\u00f1o elemento de datos que un sitio Web puede enviar al programa de navegaci\u00f3n Web del usuario.<\/p>\n<p>A su vez, este elemento puede almacenarse en el disco duro del ordenador del usuario de manera que le podamos reconocer cuando regrese a nuestro sitio Web. En cualquier caso, siempre existe la posibilidad de que el usuario especifique, en las preferencias de su programa de navegaci\u00f3n que desea, recibir un aviso antes de aceptar cualquier \u201ccookie\u201d.<\/p>\n<p>Los datos que ser\u00e1n almacenados en cada \u201ccookie\u201d son los siguientes: fecha y hora de la \u00faltima vez que el usuario visit\u00f3 nuestro Web, dise\u00f1o de contenidos que el usuario escogi\u00f3 en su primera visita a nuestro Web y elementos de seguridad que intervienen en el control de acceso a las \u00e1reas restringidas.[\/vc_column_text][vc_separator type=&#8221;transparent&#8221; up=&#8221;35&#8243;][\/vc_column][\/vc_row]\n<\/div>","protected":false},"excerpt":{"rendered":"<p>[vc_row row_type=&#8221;row&#8221; use_row_as_full_screen_section=&#8221;no&#8221; type=&#8221;full_width&#8221; angled_section=&#8221;no&#8221; text_align=&#8221;left&#8221; background_image_as_pattern=&#8221;without_pattern&#8221; css_animation=&#8221;&#8221;][vc_column][vc_separator type=&#8221;transparent&#8221; up=&#8221;35&#8243;][vc_column_text] Legal notice DATOS DE LA EMPRESA ASOCIACI\u00d3N DEL QUESO CAMERANO CIF: G-26451138 Direcci\u00f3n: Pol. Ind. Fuenteciega, C\/ Los Nogales N\u00ba 58 C.P: 26200 Localidad: HARO Provincia: LA RIOJA e-mail: info@quesocamerano.com TERMINOS GENERALES DE USO DE&#8230;<\/p>\n","protected":false},"author":3,"featured_media":0,"parent":0,"menu_order":0,"comment_status":"closed","ping_status":"closed","template":"","meta":{"footnotes":""},"class_list":["post-16374","page","type-page","status-publish","hentry"],"yoast_head":"<!-- This site is optimized with the Yoast SEO plugin v26.6 - https:\/\/yoast.com\/wordpress\/plugins\/seo\/ -->\n<title>legal notice - DOP Queso Camerano<\/title>\n<meta name=\"robots\" content=\"noindex, nofollow\" \/>\n<meta property=\"og:locale\" content=\"en_US\" \/>\n<meta property=\"og:type\" content=\"article\" \/>\n<meta property=\"og:title\" content=\"legal notice - DOP Queso Camerano\" \/>\n<meta property=\"og:description\" content=\"[vc_row row_type=&#8221;row&#8221; use_row_as_full_screen_section=&#8221;no&#8221; type=&#8221;full_width&#8221; angled_section=&#8221;no&#8221; text_align=&#8221;left&#8221; background_image_as_pattern=&#8221;without_pattern&#8221; css_animation=&#8221;&#8221;][vc_column][vc_separator type=&#8221;transparent&#8221; up=&#8221;35&#8243;][vc_column_text] Legal notice DATOS DE LA EMPRESA ASOCIACI\u00d3N DEL QUESO CAMERANO CIF: G-26451138 Direcci\u00f3n: Pol. Ind. Fuenteciega, C\/ Los Nogales N\u00ba 58 C.P: 26200 Localidad: HARO Provincia: LA RIOJA e-mail: info@quesocamerano.com TERMINOS GENERALES DE USO DE...\" \/>\n<meta property=\"og:url\" content=\"https:\/\/quesocamerano.com\/aviso-legal\/\" \/>\n<meta property=\"og:site_name\" content=\"DOP Queso Camerano\" \/>\n<meta property=\"article:modified_time\" content=\"2016-02-19T13:36:43+00:00\" \/>\n<meta name=\"twitter:card\" content=\"summary_large_image\" \/>\n<meta name=\"twitter:label1\" content=\"Est. reading time\" \/>\n\t<meta name=\"twitter:data1\" content=\"7 minutes\" \/>\n<script type=\"application\/ld+json\" class=\"yoast-schema-graph\">{\"@context\":\"https:\/\/schema.org\",\"@graph\":[{\"@type\":\"WebPage\",\"@id\":\"https:\/\/quesocamerano.com\/aviso-legal\/\",\"url\":\"https:\/\/quesocamerano.com\/aviso-legal\/\",\"name\":\"legal notice - DOP Queso Camerano\",\"isPartOf\":{\"@id\":\"https:\/\/quesocamerano.com\/#website\"},\"datePublished\":\"2016-01-27T10:35:15+00:00\",\"dateModified\":\"2016-02-19T13:36:43+00:00\",\"breadcrumb\":{\"@id\":\"https:\/\/quesocamerano.com\/aviso-legal\/#breadcrumb\"},\"inLanguage\":\"en-US\",\"potentialAction\":[{\"@type\":\"ReadAction\",\"target\":[\"https:\/\/quesocamerano.com\/aviso-legal\/\"]}]},{\"@type\":\"BreadcrumbList\",\"@id\":\"https:\/\/quesocamerano.com\/aviso-legal\/#breadcrumb\",\"itemListElement\":[{\"@type\":\"ListItem\",\"position\":1,\"name\":\"Portada\",\"item\":\"https:\/\/quesocamerano.com\/en\/\"},{\"@type\":\"ListItem\",\"position\":2,\"name\":\"legal notice\"}]},{\"@type\":\"WebSite\",\"@id\":\"https:\/\/quesocamerano.com\/#website\",\"url\":\"https:\/\/quesocamerano.com\/\",\"name\":\"DOP Queso Camerano\",\"description\":\"\",\"potentialAction\":[{\"@type\":\"SearchAction\",\"target\":{\"@type\":\"EntryPoint\",\"urlTemplate\":\"https:\/\/quesocamerano.com\/?s={search_term_string}\"},\"query-input\":{\"@type\":\"PropertyValueSpecification\",\"valueRequired\":true,\"valueName\":\"search_term_string\"}}],\"inLanguage\":\"en-US\"}]}<\/script>\n<!-- \/ Yoast SEO plugin. -->","yoast_head_json":{"title":"legal notice - DOP Queso Camerano","robots":{"index":"noindex","follow":"nofollow"},"og_locale":"en_US","og_type":"article","og_title":"legal notice - DOP Queso Camerano","og_description":"[vc_row row_type=&#8221;row&#8221; use_row_as_full_screen_section=&#8221;no&#8221; type=&#8221;full_width&#8221; angled_section=&#8221;no&#8221; text_align=&#8221;left&#8221; background_image_as_pattern=&#8221;without_pattern&#8221; css_animation=&#8221;&#8221;][vc_column][vc_separator type=&#8221;transparent&#8221; up=&#8221;35&#8243;][vc_column_text] Legal notice DATOS DE LA EMPRESA ASOCIACI\u00d3N DEL QUESO CAMERANO CIF: G-26451138 Direcci\u00f3n: Pol. Ind. Fuenteciega, C\/ Los Nogales N\u00ba 58 C.P: 26200 Localidad: HARO Provincia: LA RIOJA e-mail: info@quesocamerano.com TERMINOS GENERALES DE USO DE...","og_url":"https:\/\/quesocamerano.com\/aviso-legal\/","og_site_name":"DOP Queso Camerano","article_modified_time":"2016-02-19T13:36:43+00:00","twitter_card":"summary_large_image","twitter_misc":{"Est. reading time":"7 minutes"},"schema":{"@context":"https:\/\/schema.org","@graph":[{"@type":"WebPage","@id":"https:\/\/quesocamerano.com\/aviso-legal\/","url":"https:\/\/quesocamerano.com\/aviso-legal\/","name":"legal notice - DOP Queso Camerano","isPartOf":{"@id":"https:\/\/quesocamerano.com\/#website"},"datePublished":"2016-01-27T10:35:15+00:00","dateModified":"2016-02-19T13:36:43+00:00","breadcrumb":{"@id":"https:\/\/quesocamerano.com\/aviso-legal\/#breadcrumb"},"inLanguage":"en-US","potentialAction":[{"@type":"ReadAction","target":["https:\/\/quesocamerano.com\/aviso-legal\/"]}]},{"@type":"BreadcrumbList","@id":"https:\/\/quesocamerano.com\/aviso-legal\/#breadcrumb","itemListElement":[{"@type":"ListItem","position":1,"name":"Portada","item":"https:\/\/quesocamerano.com\/en\/"},{"@type":"ListItem","position":2,"name":"legal notice"}]},{"@type":"WebSite","@id":"https:\/\/quesocamerano.com\/#website","url":"https:\/\/quesocamerano.com\/","name":"DOP Queso Camerano","description":"","potentialAction":[{"@type":"SearchAction","target":{"@type":"EntryPoint","urlTemplate":"https:\/\/quesocamerano.com\/?s={search_term_string}"},"query-input":{"@type":"PropertyValueSpecification","valueRequired":true,"valueName":"search_term_string"}}],"inLanguage":"en-US"}]}},"_links":{"self":[{"href":"https:\/\/quesocamerano.com\/en\/wp-json\/wp\/v2\/pages\/16374","targetHints":{"allow":["GET"]}}],"collection":[{"href":"https:\/\/quesocamerano.com\/en\/wp-json\/wp\/v2\/pages"}],"about":[{"href":"https:\/\/quesocamerano.com\/en\/wp-json\/wp\/v2\/types\/page"}],"author":[{"embeddable":true,"href":"https:\/\/quesocamerano.com\/en\/wp-json\/wp\/v2\/users\/3"}],"replies":[{"embeddable":true,"href":"https:\/\/quesocamerano.com\/en\/wp-json\/wp\/v2\/comments?post=16374"}],"version-history":[{"count":3,"href":"https:\/\/quesocamerano.com\/en\/wp-json\/wp\/v2\/pages\/16374\/revisions"}],"predecessor-version":[{"id":16387,"href":"https:\/\/quesocamerano.com\/en\/wp-json\/wp\/v2\/pages\/16374\/revisions\/16387"}],"wp:attachment":[{"href":"https:\/\/quesocamerano.com\/en\/wp-json\/wp\/v2\/media?parent=16374"}],"curies":[{"name":"wp","href":"https:\/\/api.w.org\/{rel}","templated":true}]}}